{"id":28899,"date":"2024-03-05T15:07:50","date_gmt":"2024-03-05T14:07:50","guid":{"rendered":"https:\/\/lindabparis.com\/?page_id=28899"},"modified":"2024-03-05T15:08:41","modified_gmt":"2024-03-05T14:08:41","slug":"confidentiality-policy-cgv","status":"publish","type":"page","link":"https:\/\/lindabparis.com\/en\/confidentiality-policy-cgv\/","title":{"rendered":"Confidentiality policy &#038; CGV"},"content":{"rendered":"\t\t<div data-elementor-type=\"wp-page\" data-elementor-id=\"28899\" class=\"elementor elementor-28899 elementor-935\" data-elementor-post-type=\"page\">\n\t\t\t\t\t\t<section class=\"elementor-section elementor-top-section elementor-element elementor-element-36b7fcb elementor-section-height-min-height elementor-section-boxed elementor-section-height-default elementor-section-items-middle\" data-id=\"36b7fcb\" data-element_type=\"section\" data-e-type=\"section\" data-settings=\"{&quot;background_background&quot;:&quot;classic&quot;}\">\n\t\t\t\t\t\t<div class=\"elementor-container elementor-column-gap-default\">\n\t\t\t\t\t<div class=\"elementor-column elementor-col-100 elementor-top-column elementor-element elementor-element-c298d3c\" data-id=\"c298d3c\" data-element_type=\"column\" data-e-type=\"column\">\n\t\t\t<div class=\"elementor-widget-wrap elementor-element-populated\">\n\t\t\t\t\t\t<div class=\"elementor-element elementor-element-e756174 elementor-widget elementor-widget-heading\" data-id=\"e756174\" data-element_type=\"widget\" data-e-type=\"widget\" data-widget_type=\"heading.default\">\n\t\t\t\t<div class=\"elementor-widget-container\">\n\t\t\t\t\t<h1 class=\"elementor-heading-title elementor-size-default\">Confidentiality policy &#038; CGV<\/h1>\t\t\t\t<\/div>\n\t\t\t\t<\/div>\n\t\t\t\t\t<\/div>\n\t\t<\/div>\n\t\t\t\t\t<\/div>\n\t\t<\/section>\n\t\t<div class=\"elementor-element elementor-element-330f0b8 e-flex e-con-boxed e-con e-parent\" data-id=\"330f0b8\" data-element_type=\"container\" data-e-type=\"container\">\n\t\t\t\t\t<div class=\"e-con-inner\">\n\t\t\t\t<div class=\"elementor-element elementor-element-4d0a4e6 elementor-widget elementor-widget-heading\" data-id=\"4d0a4e6\" data-element_type=\"widget\" data-e-type=\"widget\" data-widget_type=\"heading.default\">\n\t\t\t\t<div class=\"elementor-widget-container\">\n\t\t\t\t\t<h2 class=\"elementor-heading-title elementor-size-default\">Article 1. Acceptation des Conditions<\/h2>\t\t\t\t<\/div>\n\t\t\t\t<\/div>\n\t\t\t\t<div class=\"elementor-element elementor-element-d5f731e elementor-widget elementor-widget-text-editor\" data-id=\"d5f731e\" data-element_type=\"widget\" data-e-type=\"widget\" data-widget_type=\"text-editor.default\">\n\t\t\t\t<div class=\"elementor-widget-container\">\n\t\t\t\t\t\t\t\t\t<p>En acc\u00e9dant \u00e0 ce site et en effectuant un achat, vous acceptez les pr\u00e9sentes conditions g\u00e9n\u00e9rales de vente. Ces conditions peuvent \u00eatre mises \u00e0 jour p\u00e9riodiquement, il est donc recommand\u00e9 de les consulter r\u00e9guli\u00e8rement.<\/p>\t\t\t\t\t\t\t\t<\/div>\n\t\t\t\t<\/div>\n\t\t\t\t<div class=\"elementor-element elementor-element-60c37bf elementor-widget elementor-widget-heading\" data-id=\"60c37bf\" data-element_type=\"widget\" data-e-type=\"widget\" data-widget_type=\"heading.default\">\n\t\t\t\t<div class=\"elementor-widget-container\">\n\t\t\t\t\t<h2 class=\"elementor-heading-title elementor-size-default\">Article 2. Commandes et Paiement<\/h2>\t\t\t\t<\/div>\n\t\t\t\t<\/div>\n\t\t\t\t<div class=\"elementor-element elementor-element-9989374 elementor-widget elementor-widget-text-editor\" data-id=\"9989374\" data-element_type=\"widget\" data-e-type=\"widget\" data-widget_type=\"text-editor.default\">\n\t\t\t\t<div class=\"elementor-widget-container\">\n\t\t\t\t\t\t\t\t\t<ul>\n \t<li>2.1. Vous pouvez commander :\nSur Internet : <a href=\"http:\/\/www.lindabparis.com\">www.lindabparis.com<\/a><\/li>\n \t<li>2.2. Les commandes sont soumises \u00e0 disponibilit\u00e9 des produits. Les articles sont en pr\u00e9-commande et n\u00e9cessitent 21 jours ouvr\u00e9s pour la confection. S\u2019y ajoute le d\u00e9lai d\u2019acheminement.<\/li>\n \t<li>2.3. La boutique Linda B Paris se r\u00e9serve le droit de modifier ses prix \u00e0 tout moment mais les produits seront factur\u00e9s sur la base des tarifs en vigueur au moment de l&#8217;enregistrement des commandes sous r\u00e9serve de disponibilit\u00e9. Les produits demeurent la propri\u00e9t\u00e9 de la boutique jusqu&#8217;au complet paiement du prix.<\/li>\n \t<li>2.4. Le paiement est d\u00fb au moment de la commande.<\/li>\n \t<li>2.5. Les prix sont indiqu\u00e9s en euros et en dollars toutes taxes comprises.<\/li>\n \t<li>2.6. Les informations contractuelles seront pr\u00e9sent\u00e9es en langue fran\u00e7aise, anglaise et arabe.<\/li>\n<\/ul>\t\t\t\t\t\t\t\t<\/div>\n\t\t\t\t<\/div>\n\t\t\t\t<div class=\"elementor-element elementor-element-2b32c9d elementor-widget elementor-widget-heading\" data-id=\"2b32c9d\" data-element_type=\"widget\" data-e-type=\"widget\" data-widget_type=\"heading.default\">\n\t\t\t\t<div class=\"elementor-widget-container\">\n\t\t\t\t\t<h2 class=\"elementor-heading-title elementor-size-default\">Article 3 \u2013 Validation<\/h2>\t\t\t\t<\/div>\n\t\t\t\t<\/div>\n\t\t\t\t<div class=\"elementor-element elementor-element-cd64771 elementor-widget elementor-widget-text-editor\" data-id=\"cd64771\" data-element_type=\"widget\" data-e-type=\"widget\" data-widget_type=\"text-editor.default\">\n\t\t\t\t<div class=\"elementor-widget-container\">\n\t\t\t\t\t\t\t\t\t<ul><li>3.1. Quand vous cliquez sur le bouton Valider apr\u00e8s le processus de commande, vous d\u00e9clarez accepter celle-ci ainsi que l&#8217;int\u00e9gralit\u00e9 des pr\u00e9sentes Conditions G\u00e9n\u00e9rales de Vente pleinement et sans r\u00e9serve. Les donn\u00e9es enregistr\u00e9es par la boutique LindaB Paris constituent la preuve de l&#8217;ensemble des transactions pass\u00e9es par la boutique et ses clients.<\/li><\/ul>\t\t\t\t\t\t\t\t<\/div>\n\t\t\t\t<\/div>\n\t\t\t\t<div class=\"elementor-element elementor-element-ce0a6b0 elementor-widget elementor-widget-heading\" data-id=\"ce0a6b0\" data-element_type=\"widget\" data-e-type=\"widget\" data-widget_type=\"heading.default\">\n\t\t\t\t<div class=\"elementor-widget-container\">\n\t\t\t\t\t<h2 class=\"elementor-heading-title elementor-size-default\">Article 4. Livraison<\/h2>\t\t\t\t<\/div>\n\t\t\t\t<\/div>\n\t\t\t\t<div class=\"elementor-element elementor-element-9047511 elementor-widget elementor-widget-text-editor\" data-id=\"9047511\" data-element_type=\"widget\" data-e-type=\"widget\" data-widget_type=\"text-editor.default\">\n\t\t\t\t<div class=\"elementor-widget-container\">\n\t\t\t\t\t\t\t\t\t<ul><li>4.1. Les produits sont livr\u00e9s \u00e0 l&#8217;adresse de livraison que vous avez indiqu\u00e9 au cours du processus de commande. Les d\u00e9lais de livraison sont estim\u00e9s et peuvent varier en fonction de la destination. La boutique Linda B Paris se r\u00e9serve toutefois la possibilit\u00e9 de fractionner les livraisons.<\/li><li>4.2. Les frais de livraison sont pr\u00e9cis\u00e9s lors du processus de commande.<\/li><li>4.3. Les frais de livraison en France M\u00e9tropolitaine sont \u00e0 la charge de la boutique LindaB Paris.<\/li><\/ul>\t\t\t\t\t\t\t\t<\/div>\n\t\t\t\t<\/div>\n\t\t\t\t<div class=\"elementor-element elementor-element-5b3a350 elementor-widget elementor-widget-heading\" data-id=\"5b3a350\" data-element_type=\"widget\" data-e-type=\"widget\" data-widget_type=\"heading.default\">\n\t\t\t\t<div class=\"elementor-widget-container\">\n\t\t\t\t\t<h2 class=\"elementor-heading-title elementor-size-default\">Article 5. Retours et Remboursements<\/h2>\t\t\t\t<\/div>\n\t\t\t\t<\/div>\n\t\t\t\t<div class=\"elementor-element elementor-element-55bb811 elementor-widget elementor-widget-text-editor\" data-id=\"55bb811\" data-element_type=\"widget\" data-e-type=\"widget\" data-widget_type=\"text-editor.default\">\n\t\t\t\t<div class=\"elementor-widget-container\">\n\t\t\t\t\t\t\t\t\t<ul><li>5.1. Service apr\u00e8s-vente vous disposez d&#8217;un d\u00e9lai de 14 jours \u00e0 compter de la r\u00e9ception pour retourner le produit qui ne vous conviendrait pas. Les frais de retour seront alors \u00e0 la charge du client. L\u2019adresse pour le retour sera \u00e0 demander au service client <a href=\"mailto:info@lindabparis.com\">info@lindabparis.com<\/a><\/li><\/ul><ul><li>5.2. Les articles retourn\u00e9s incomplets, ab\u00eem\u00e9s, endommag\u00e9s, salis ou sans etiquette par le client ne sont pas repris.<\/li><li>5.3. Nous nous engageons \u00e0 vous rembourser les produits ne correspondant pas \u00e0 votre commande.<\/li><li>5.4 &#8211; Les remboursements seront effectu\u00e9s dans un d\u00e9lai superieur ou \u00e9gal \u00e0 15 jours apr\u00e8s la r\u00e9ception des produits par nos soins, sur le compte du client .<\/li><\/ul>\t\t\t\t\t\t\t\t<\/div>\n\t\t\t\t<\/div>\n\t\t\t\t<div class=\"elementor-element elementor-element-7c777fd elementor-widget elementor-widget-heading\" data-id=\"7c777fd\" data-element_type=\"widget\" data-e-type=\"widget\" data-widget_type=\"heading.default\">\n\t\t\t\t<div class=\"elementor-widget-container\">\n\t\t\t\t\t<h2 class=\"elementor-heading-title elementor-size-default\">Article 6. Propri\u00e9t\u00e9 Intellectuelle<\/h2>\t\t\t\t<\/div>\n\t\t\t\t<\/div>\n\t\t\t\t<div class=\"elementor-element elementor-element-97b83fd elementor-widget elementor-widget-text-editor\" data-id=\"97b83fd\" data-element_type=\"widget\" data-e-type=\"widget\" data-widget_type=\"text-editor.default\">\n\t\t\t\t<div class=\"elementor-widget-container\">\n\t\t\t\t\t\t\t\t\t<ul><li>6.1. Tous les textes, commentaires, ouvrages, illustrations et images reproduits sur les sites LindaB Paris sont r\u00e9serv\u00e9s au titre du droit d&#8217;auteur ainsi qu&#8217;au titre de la propri\u00e9t\u00e9 intellectuelle et pour le monde entier. A ce titre et conform\u00e9ment aux dispositions du Code de la Propri\u00e9t\u00e9 Intellectuelle, seule l&#8217;utilisation pour un usage priv\u00e9 sous r\u00e9serve de dispositions diff\u00e9rentes voire plus restrictives du code de la propri\u00e9t\u00e9 intellectuelle. Toute autre utilisation est constitutive de contrefa\u00e7on et sanctionn\u00e9e au titre de la Propri\u00e9t\u00e9 Intellectuelle sauf autorisation pr\u00e9alable de la boutique Linda B Paris. Toute reproduction totale ou partielle du catalogue la boutique est strictement interdite.<\/li><\/ul>\t\t\t\t\t\t\t\t<\/div>\n\t\t\t\t<\/div>\n\t\t\t\t<div class=\"elementor-element elementor-element-2b12b90 elementor-widget elementor-widget-heading\" data-id=\"2b12b90\" data-element_type=\"widget\" data-e-type=\"widget\" data-widget_type=\"heading.default\">\n\t\t\t\t<div class=\"elementor-widget-container\">\n\t\t\t\t\t<h2 class=\"elementor-heading-title elementor-size-default\">Article 7. Confidentialit\u00e9<\/h2>\t\t\t\t<\/div>\n\t\t\t\t<\/div>\n\t\t\t\t<div class=\"elementor-element elementor-element-79b8ebc elementor-widget elementor-widget-text-editor\" data-id=\"79b8ebc\" data-element_type=\"widget\" data-e-type=\"widget\" data-widget_type=\"text-editor.default\">\n\t\t\t\t<div class=\"elementor-widget-container\">\n\t\t\t\t\t\t\t\t\t<ul><li>7.1. Les informations personnelles des clients sont trait\u00e9es conform\u00e9ment \u00e0 notre politique de confidentialit\u00e9.<\/li><li>7.2. LindaB Paris s&#8217;engage \u00e0 ne pas divulguer \u00e0 des tiers les informations que vous lui communiquez. Celles-ci sont confidentielles. Elles ne seront utilis\u00e9es par ses services internes que pour le traitement de votre commande et \u00e9ventuellement pour renforcer et personnaliser la communication et l&#8217;offre et produit r\u00e9serv\u00e9s aux clients de la boutique Linda B Paris, notamment par les newsletters de la boutique auxquelles vous vous serez abonn\u00e9s sur simple inscription volontaire ainsi que dans le cadre de la personnalisation du site en fonction de vos centres d&#8217;int\u00e9r\u00eats.<\/li><\/ul>\t\t\t\t\t\t\t\t<\/div>\n\t\t\t\t<\/div>\n\t\t\t\t<div class=\"elementor-element elementor-element-cae822a elementor-widget elementor-widget-heading\" data-id=\"cae822a\" data-element_type=\"widget\" data-e-type=\"widget\" data-widget_type=\"heading.default\">\n\t\t\t\t<div class=\"elementor-widget-container\">\n\t\t\t\t\t<h2 class=\"elementor-heading-title elementor-size-default\">Article 8. Responsabilit\u00e9<\/h2>\t\t\t\t<\/div>\n\t\t\t\t<\/div>\n\t\t\t\t<div class=\"elementor-element elementor-element-b57b2ad elementor-widget elementor-widget-text-editor\" data-id=\"b57b2ad\" data-element_type=\"widget\" data-e-type=\"widget\" data-widget_type=\"text-editor.default\">\n\t\t\t\t<div class=\"elementor-widget-container\">\n\t\t\t\t\t\t\t\t\t<ul><li>8.1. La boutique LindaB Paris ne peut \u00eatre tenue responsable des dommages indirects r\u00e9sultant de l&#8217;utilisation de ce site, ni des dommages li\u00e9s au transport.<\/li><\/ul>\t\t\t\t\t\t\t\t<\/div>\n\t\t\t\t<\/div>\n\t\t\t\t<div class=\"elementor-element elementor-element-f86fdf0 elementor-widget elementor-widget-heading\" data-id=\"f86fdf0\" data-element_type=\"widget\" data-e-type=\"widget\" data-widget_type=\"heading.default\">\n\t\t\t\t<div class=\"elementor-widget-container\">\n\t\t\t\t\t<h2 class=\"elementor-heading-title elementor-size-default\">Article 9. Contact<\/h2>\t\t\t\t<\/div>\n\t\t\t\t<\/div>\n\t\t\t\t<div class=\"elementor-element elementor-element-ea1b8f8 elementor-widget elementor-widget-text-editor\" data-id=\"ea1b8f8\" data-element_type=\"widget\" data-e-type=\"widget\" data-widget_type=\"text-editor.default\">\n\t\t\t\t<div class=\"elementor-widget-container\">\n\t\t\t\t\t\t\t\t\t<ul><li>9.1. Pour toute question, r\u00e9clamation ou demande de fabrication, veuillez contacter le service client\u00e8le \u00e0 <a href=\"mailto:info@lindabparis.com\">info@lindabparis.com<\/a><\/li><\/ul>\t\t\t\t\t\t\t\t<\/div>\n\t\t\t\t<\/div>\n\t\t\t\t<div class=\"elementor-element elementor-element-7b6e553 elementor-widget elementor-widget-text-editor\" data-id=\"7b6e553\" data-element_type=\"widget\" data-e-type=\"widget\" data-widget_type=\"text-editor.default\">\n\t\t\t\t<div class=\"elementor-widget-container\">\n\t\t\t\t\t\t\t\t\t<p>En acceptant ces conditions g\u00e9n\u00e9rales, vous reconnaissez les avoir lues et comprises.<\/p><p>Merci de faire confiance \u00e0 la boutique en ligne Linda B Paris.<\/p>\t\t\t\t\t\t\t\t<\/div>\n\t\t\t\t<\/div>\n\t\t\t\t\t<\/div>\n\t\t\t\t<\/div>\n\t\t\t\t<\/div>\n\t\t","protected":false},"excerpt":{"rendered":"<p>Article 1. Acceptation des Conditions En acc\u00e9dant \u00e0 ce site et en effectuant un achat, vous acceptez les pr\u00e9sentes conditions g\u00e9n\u00e9rales de vente. Ces conditions peuvent \u00eatre mises \u00e0 jour p\u00e9riodiquement, il est donc recommand\u00e9 de les consulter r\u00e9guli\u00e8rement. Article 2. Commandes et Paiement 2.1. Vous pouvez commander : Sur Internet : www.lindabparis.com 2.2. Les [&hellip;]<\/p>\n","protected":false},"author":15,"featured_media":0,"parent":0,"menu_order":0,"comment_status":"closed","ping_status":"closed","template":"elementor_header_footer","meta":{"_acf_changed":false,"footnotes":""},"class_list":["post-28899","page","type-page","status-publish","hentry"],"acf":[],"_links":{"self":[{"href":"https:\/\/lindabparis.com\/en\/wp-json\/wp\/v2\/pages\/28899","targetHints":{"allow":["GET"]}}],"collection":[{"href":"https:\/\/lindabparis.com\/en\/wp-json\/wp\/v2\/pages"}],"about":[{"href":"https:\/\/lindabparis.com\/en\/wp-json\/wp\/v2\/types\/page"}],"author":[{"embeddable":true,"href":"https:\/\/lindabparis.com\/en\/wp-json\/wp\/v2\/users\/15"}],"replies":[{"embeddable":true,"href":"https:\/\/lindabparis.com\/en\/wp-json\/wp\/v2\/comments?post=28899"}],"version-history":[{"count":4,"href":"https:\/\/lindabparis.com\/en\/wp-json\/wp\/v2\/pages\/28899\/revisions"}],"predecessor-version":[{"id":28904,"href":"https:\/\/lindabparis.com\/en\/wp-json\/wp\/v2\/pages\/28899\/revisions\/28904"}],"wp:attachment":[{"href":"https:\/\/lindabparis.com\/en\/wp-json\/wp\/v2\/media?parent=28899"}],"curies":[{"name":"wp","href":"https:\/\/api.w.org\/{rel}","templated":true}]}}